{"id":299,"date":"2025-01-10T12:59:26","date_gmt":"2025-01-10T12:59:26","guid":{"rendered":"https:\/\/uebersetzer-polnisch.com\/o-mnie\/"},"modified":"2025-07-30T15:50:58","modified_gmt":"2025-07-30T15:50:58","slug":"o-mnie","status":"publish","type":"page","link":"https:\/\/uebersetzer-polnisch.com\/pl\/o-mnie\/","title":{"rendered":"O mnie"},"content":{"rendered":"<section class=\"l-section wpb_row height_medium\" id=\"about\"><div class=\"l-section-h i-cf\"><div class=\"g-cols vc_row via_grid cols_1-2 laptops-cols_inherit tablets-cols_1 mobiles-cols_1 valign_top type_default stacking_default\" style=\"--columns-gap:8vh;\"><div class=\"wpb_column vc_column_container us_custom_267538fe has_bg_color\"><div class=\"vc_column-inner\"><\/div><\/div><div class=\"wpb_column vc_column_container\"><div class=\"vc_column-inner\"><h2 class=\"w-text\"><span class=\"w-text-h\"><span class=\"w-text-value\">O mnie<\/span><\/span><\/h2><div class=\"wpb_text_column us_custom_3ae408c5\"><div class=\"wpb_wrapper\"><p>Nazywam si\u0119 Ma\u0142gorzata Kaden i jestem t\u0142umaczem przysi\u0119g\u0142ym j\u0119zyka niemieckiego w zakresie t\u0142umacze\u0144 pisemnych oraz t\u0142umaczem ustnym.<br \/>\nUrodzi\u0142am si\u0119 w Polsce, a obecnie mieszkam we Freibergu (Saksonia). Posiadam nie tylko umiej\u0119tno\u015bci j\u0119zykowe, ale r\u00f3wnie\u017c g\u0142\u0119bokie zrozumienie kultury i tradycji obu kraj\u00f3w.<\/p>\n<p>Studia magisterskie na kierunku t\u0142umacze\u0144 specjalistycznych uko\u0144czy\u0142am na Uniwersytecie im. Jana Gutenberga w Moguncji, na Wydziale Translatologii, J\u0119zykoznawstwa i Kulturoznawstwa.<br \/>\nOd 2013 roku pracuj\u0119 na terenie ca\u0142ych Niemiec jako t\u0142umacz pisemny i ustny j\u0119zyka niemieckiego, realizuj\u0105c zlecenia dla administracji, wymiaru sprawiedliwo\u015bci, instytucji edukacyjnych, organizacji charytatywnych, os\u00f3b prywatnych oraz firm.<\/p>\n<\/div><\/div><div class=\"w-separator size_small\"><\/div><div class=\"g-cols wpb_row via_grid cols_2 laptops-cols_inherit tablets-cols_inherit mobiles-cols_1 valign_top type_default stacking_default\" style=\"--columns-gap:3.2rem;\"><div class=\"wpb_column vc_column_container\"><div class=\"vc_column-inner\"><div class=\"wpb_text_column us_custom_4481559d\"><div class=\"wpb_wrapper\"><h4>Warto\u015bci<\/h4>\n<p>Przywi\u0105zuj\u0119 du\u017c\u0105 wag\u0119 do poufno\u015bci oraz profesjonalizmu w mojej pracy. Ka\u017cde zlecenie realizuj\u0119 z najwy\u017csz\u0105 staranno\u015bci\u0105 i dba\u0142o\u015bci\u0105 o szczeg\u00f3\u0142y, aby zapewni\u0107 pe\u0142ne spe\u0142nienie Pa\u0144stwa oczekiwa\u0144.<\/p>\n<\/div><\/div><\/div><\/div><div class=\"wpb_column vc_column_container\"><div class=\"vc_column-inner\"><div class=\"wpb_text_column us_custom_4481559d\"><div class=\"wpb_wrapper\"><h4>Kwalifikacje<\/h4>\n<p>Znaczn\u0105 cz\u0119\u015b\u0107 mojej wiedzy specjalistycznej zdoby\u0142am dzi\u0119ki pracy na pe\u0142ny etat jako zaprzysi\u0119\u017cony t\u0142umacz pisemny i ustny j\u0119zyka niemieckiego w renomowanej agencji t\u0142umacze\u0144 w Meklemburgii-Pomorzu Przednim.<\/p>\n<\/div><\/div><\/div><\/div><\/div><\/div><\/div><\/div><\/div><\/section><section class=\"l-section wpb_row height_medium width_custom color_primary\" style=\"--site-content-width:750px;\"><div class=\"l-section-h i-cf\"><div class=\"g-cols vc_row via_grid cols_1 laptops-cols_inherit tablets-cols_inherit mobiles-cols_1 valign_middle type_default stacking_default\"><div class=\"wpb_column vc_column_container\"><div class=\"vc_column-inner\"><h2 class=\"w-text us_custom_8fac178d has_text_color\"><span class=\"w-text-h\"><span class=\"w-text-value\">Zapraszam do kontaktu<\/span><\/span><\/h2><div class=\"wpb_text_column us_custom_aa7f5b77 has_text_color\"><div class=\"wpb_wrapper\"><p>Je\u015bli potrzebuj\u0105 Pa\u0144stwo wsparcia j\u0119zykowego, zach\u0119cam do kontaktu. Z przyjemno\u015bci\u0105 s\u0142u\u017c\u0119 pomoc\u0105!<\/p>\n<\/div><\/div><div class=\"w-separator size_small\"><\/div><div class=\"w-btn-wrapper align_center\"><a class=\"w-btn us-btn-style_1 us_custom_b4198c51 icon_atleft\" href=\"https:\/\/uebersetzer-polnisch.com\/pl\/skontaktuj-sie-z-nami\/\"><i class=\"fas fa-phone\"><\/i><span class=\"w-btn-label\">Kontakt<\/span><\/a><\/div><\/div><\/div><\/div><\/div><\/section><section class=\"l-section wpb_row height_medium width_custom\" style=\"--site-content-width:800px;\"><div class=\"l-section-h i-cf\"><div class=\"g-cols vc_row via_grid cols_1 laptops-cols_inherit tablets-cols_inherit mobiles-cols_1 valign_top type_default stacking_default\"><div class=\"wpb_column vc_column_container\"><div class=\"vc_column-inner\"><div class=\"wpb_text_column\"><div class=\"wpb_wrapper\"><h2>Kwalifikacje<\/h2>\n<\/div><\/div><div class=\"w-separator us_custom_67b6827d size_medium has_font_size with_line width_default thick_1 style_solid color_border align_none with_content\"><div class=\"w-separator-h\"><i class=\"fas fa-arrow-down\"><\/i><\/div><\/div><div class=\"g-cols wpb_row via_grid cols_1-3 laptops-cols_inherit tablets-cols_inherit mobiles-cols_1 valign_top type_default stacking_default\" style=\"--columns-gap:3rem;\"><div class=\"wpb_column vc_column_container\"><div class=\"vc_column-inner\"><h3 class=\"w-text us_custom_6745946f has_text_color\"><span class=\"w-text-h\"><span class=\"w-text-value\">2021<\/span><\/span><\/h3><\/div><\/div><div class=\"wpb_column vc_column_container\"><div class=\"vc_column-inner\"><div class=\"wpb_text_column\"><div class=\"wpb_wrapper\"><p>Publicznie ustanowiony i og\u00f3lnie zaprzysi\u0119\u017cony t\u0142umacz j\u0119zyka niemieckiego, mianowany przez Prezesa Wy\u017cszego S\u0105du Krajowego w Dre\u017anie, uprawniony do sporz\u0105dzania t\u0142umacze\u0144 dla s\u0105d\u00f3w i urz\u0119d\u00f3w<\/p>\n<\/div><\/div><\/div><\/div><\/div><div class=\"w-separator us_custom_67b6827d size_medium has_font_size with_line width_default thick_1 style_solid color_border align_none with_content\"><div class=\"w-separator-h\"><i class=\"fas fa-arrow-down\"><\/i><\/div><\/div><div class=\"g-cols wpb_row via_grid cols_1-3 laptops-cols_inherit tablets-cols_inherit mobiles-cols_1 valign_top type_default stacking_default\" style=\"--columns-gap:3rem;\"><div class=\"wpb_column vc_column_container\"><div class=\"vc_column-inner\"><h3 class=\"w-text us_custom_6745946f has_text_color\"><span class=\"w-text-h\"><span class=\"w-text-value\">2017<\/span><\/span><\/h3><\/div><\/div><div class=\"wpb_column vc_column_container\"><div class=\"vc_column-inner\"><div class=\"wpb_text_column\"><div class=\"wpb_wrapper\"><p>Uprawnienie do prowadzenia zaj\u0119\u0107 w kursach integracyjnych zgodnie z \u00a715 rozporz\u0105dzenia o kursach integracyjnych (IntV) nadane przez Federalny Urz\u0105d ds. Migracji i Uchod\u017ac\u00f3w<\/p>\n<\/div><\/div><\/div><\/div><\/div><div class=\"w-separator us_custom_67b6827d size_medium has_font_size with_line width_default thick_1 style_solid color_border align_none with_content\"><div class=\"w-separator-h\"><i class=\"fas fa-arrow-down\"><\/i><\/div><\/div><div class=\"g-cols wpb_row via_grid cols_1-3 laptops-cols_inherit tablets-cols_inherit mobiles-cols_1 valign_top type_default stacking_default\" style=\"--columns-gap:3rem;\"><div class=\"wpb_column vc_column_container\"><div class=\"vc_column-inner\"><h3 class=\"w-text us_custom_6745946f has_text_color\"><span class=\"w-text-h\"><span class=\"w-text-value\">2016<\/span><\/span><\/h3><\/div><\/div><div class=\"wpb_column vc_column_container\"><div class=\"vc_column-inner\"><div class=\"wpb_text_column\"><div class=\"wpb_wrapper\"><p>Publicznie ustanowiony i og\u00f3lnie zaprzysi\u0119\u017cony t\u0142umacz j\u0119zyka niemieckiego, mianowany przez Prezesa Wy\u017cszego S\u0105du Krajowego w Rostocku, uprawniony do sporz\u0105dzania t\u0142umacze\u0144 dla s\u0105d\u00f3w i urz\u0119d\u00f3w<\/p>\n<\/div><\/div><\/div><\/div><\/div><div class=\"w-separator us_custom_67b6827d size_medium has_font_size with_line width_default thick_1 style_solid color_border align_none with_content\"><div class=\"w-separator-h\"><i class=\"fas fa-arrow-down\"><\/i><\/div><\/div><div class=\"g-cols wpb_row via_grid cols_1-3 laptops-cols_inherit tablets-cols_inherit mobiles-cols_1 valign_top type_default stacking_default\" style=\"--columns-gap:3rem;\"><div class=\"wpb_column vc_column_container\"><div class=\"vc_column-inner\"><h3 class=\"w-text us_custom_6745946f has_text_color\"><span class=\"w-text-h\"><span class=\"w-text-value\">2015 &#8211; 2016<\/span><\/span><\/h3><\/div><\/div><div class=\"wpb_column vc_column_container\"><div class=\"vc_column-inner\"><div class=\"wpb_text_column\"><div class=\"wpb_wrapper\"><p><strong>Uniwersytet Jagiello\u0144ski w Krakowie<\/strong><br \/>\nStudia podyplomowe \u201eJ\u0119zyk polski jako obcy\u201d<\/p>\n<\/div><\/div><\/div><\/div><\/div><div class=\"w-separator us_custom_67b6827d size_medium has_font_size with_line width_default thick_1 style_solid color_border align_none with_content\"><div class=\"w-separator-h\"><i class=\"fas fa-arrow-down\"><\/i><\/div><\/div><div class=\"g-cols wpb_row via_grid cols_1-3 laptops-cols_inherit tablets-cols_inherit mobiles-cols_1 valign_top type_default stacking_default\" style=\"--columns-gap:3rem;\"><div class=\"wpb_column vc_column_container\"><div class=\"vc_column-inner\"><h3 class=\"w-text us_custom_6745946f has_text_color\"><span class=\"w-text-h\"><span class=\"w-text-value\">2011 &#8211; 2013<\/span><\/span><\/h3><\/div><\/div><div class=\"wpb_column vc_column_container\"><div class=\"vc_column-inner\"><div class=\"wpb_text_column\"><div class=\"wpb_wrapper\"><p><strong>Uniwersytet Jana Gutenberga w Moguncji<\/strong><br \/>\nMagister filologii w zakresie j\u0119zyka, kultury i t\u0142umaczenia<\/p>\n<\/div><\/div><\/div><\/div><\/div><div class=\"w-separator us_custom_67b6827d size_medium has_font_size with_line width_default thick_1 style_solid color_border align_none with_content\"><div class=\"w-separator-h\"><i class=\"fas fa-arrow-down\"><\/i><\/div><\/div><div class=\"g-cols wpb_row via_grid cols_1-3 laptops-cols_inherit tablets-cols_inherit mobiles-cols_1 valign_top type_default stacking_default\" style=\"--columns-gap:3rem;\"><div class=\"wpb_column vc_column_container\"><div class=\"vc_column-inner\"><h3 class=\"w-text us_custom_6745946f has_text_color\"><span class=\"w-text-h\"><span class=\"w-text-value\">2008 &#8211; 2011<\/span><\/span><\/h3><\/div><\/div><div class=\"wpb_column vc_column_container\"><div class=\"vc_column-inner\"><div class=\"wpb_text_column\"><div class=\"wpb_wrapper\"><p><strong>Uniwersytet Warszawski<\/strong><br \/>\nLicencjat z lingwistyki stosowanej<\/p>\n<\/div><\/div><\/div><\/div><\/div><\/div><\/div><\/div><\/div><\/section>\n","protected":false},"excerpt":{"rendered":"O mnieNazywam si\u0119 Ma\u0142gorzata Kaden i jestem t\u0142umaczem przysi\u0119g\u0142ym j\u0119zyka niemieckiego w zakresie t\u0142umacze\u0144 pisemnych oraz t\u0142umaczem ustnym. Urodzi\u0142am si\u0119 w Polsce, a obecnie mieszkam we Freibergu (Saksonia). Posiadam nie tylko umiej\u0119tno\u015bci j\u0119zykowe, ale r\u00f3wnie\u017c g\u0142\u0119bokie zrozumienie kultury i tradycji obu kraj\u00f3w. Studia magisterskie na kierunku t\u0142umacze\u0144 specjalistycznych uko\u0144czy\u0142am na Uniwersytecie im. Jana Gutenberga w...","protected":false},"author":2,"featured_media":0,"parent":0,"menu_order":0,"comment_status":"closed","ping_status":"closed","template":"","meta":{"footnotes":""},"class_list":["post-299","page","type-page","status-publish","hentry"],"_links":{"self":[{"href":"https:\/\/uebersetzer-polnisch.com\/pl\/wp-json\/wp\/v2\/pages\/299","targetHints":{"allow":["GET"]}}],"collection":[{"href":"https:\/\/uebersetzer-polnisch.com\/pl\/wp-json\/wp\/v2\/pages"}],"about":[{"href":"https:\/\/uebersetzer-polnisch.com\/pl\/wp-json\/wp\/v2\/types\/page"}],"author":[{"embeddable":true,"href":"https:\/\/uebersetzer-polnisch.com\/pl\/wp-json\/wp\/v2\/users\/2"}],"replies":[{"embeddable":true,"href":"https:\/\/uebersetzer-polnisch.com\/pl\/wp-json\/wp\/v2\/comments?post=299"}],"version-history":[{"count":110,"href":"https:\/\/uebersetzer-polnisch.com\/pl\/wp-json\/wp\/v2\/pages\/299\/revisions"}],"predecessor-version":[{"id":679,"href":"https:\/\/uebersetzer-polnisch.com\/pl\/wp-json\/wp\/v2\/pages\/299\/revisions\/679"}],"wp:attachment":[{"href":"https:\/\/uebersetzer-polnisch.com\/pl\/wp-json\/wp\/v2\/media?parent=299"}],"curies":[{"name":"wp","href":"https:\/\/api.w.org\/{rel}","templated":true}]}}