{"id":305,"date":"2025-01-10T12:59:39","date_gmt":"2025-01-10T12:59:39","guid":{"rendered":"https:\/\/uebersetzer-polnisch.com\/skontaktuj-sie-z-nami\/"},"modified":"2025-07-30T14:16:11","modified_gmt":"2025-07-30T14:16:11","slug":"skontaktuj-sie-z-nami","status":"publish","type":"page","link":"https:\/\/uebersetzer-polnisch.com\/pl\/skontaktuj-sie-z-nami\/","title":{"rendered":"Kontakt"},"content":{"rendered":"<section class=\"l-section wpb_row height_auto width_full color_secondary\"><div class=\"l-section-h i-cf\"><div class=\"g-cols vc_row via_grid cols_2 laptops-cols_inherit tablets-cols_inherit mobiles-cols_1 valign_middle type_boxes reversed stacking_default\" style=\"--columns-gap:0rem;\"><div class=\"wpb_column vc_column_container us_custom_9754e87c hide_on_mobiles has_bg_color\"><div class=\"vc_column-inner\"><\/div><\/div><div class=\"wpb_column vc_column_container us_custom_dc787efe\"><div class=\"vc_column-inner\"><h2 class=\"w-text us_custom_a3d5695e\"><span class=\"w-text-h\"><span class=\"w-text-value\">Zach\u0119cam do NIEZW\u0141OCZNEGO KONTAKTU!<\/span><\/span><\/h2><div class=\"wpb_text_column\"><div class=\"wpb_wrapper\"><p>Porozmawiajmy razem o Pa\u0144stwa projekcie. Z przyjemno\u015bci\u0105 przygotuj\u0119 dla Pa\u0144stwa indywidualn\u0105 ofert\u0119.<\/p>\n<\/div><\/div><div class=\"w-separator size_medium\"><\/div><h3 class=\"w-text\"><a href=\"tel:+49 157 50 80 6560\" class=\"w-text-h\"><span class=\"w-text-value\">+49 157 50 80 6560<\/span><\/a><\/h3><h3 class=\"w-text\"><a href=\"mailto:info@uebersetzer-polnisch.com\" class=\"w-text-h\"><span class=\"w-text-value\">info@uebersetzer-polnisch.com<\/span><\/a><\/h3><\/div><\/div><\/div><\/div><\/section>\n","protected":false},"excerpt":{"rendered":"Zach\u0119cam do NIEZW\u0141OCZNEGO KONTAKTU!Porozmawiajmy razem o Pa\u0144stwa projekcie. Z przyjemno\u015bci\u0105 przygotuj\u0119 dla Pa\u0144stwa indywidualn\u0105 ofert\u0119. +49 157 50 80 6560info@uebersetzer-polnisch.com","protected":false},"author":2,"featured_media":0,"parent":0,"menu_order":0,"comment_status":"closed","ping_status":"closed","template":"","meta":{"footnotes":""},"class_list":["post-305","page","type-page","status-publish","hentry"],"_links":{"self":[{"href":"https:\/\/uebersetzer-polnisch.com\/pl\/wp-json\/wp\/v2\/pages\/305","targetHints":{"allow":["GET"]}}],"collection":[{"href":"https:\/\/uebersetzer-polnisch.com\/pl\/wp-json\/wp\/v2\/pages"}],"about":[{"href":"https:\/\/uebersetzer-polnisch.com\/pl\/wp-json\/wp\/v2\/types\/page"}],"author":[{"embeddable":true,"href":"https:\/\/uebersetzer-polnisch.com\/pl\/wp-json\/wp\/v2\/users\/2"}],"replies":[{"embeddable":true,"href":"https:\/\/uebersetzer-polnisch.com\/pl\/wp-json\/wp\/v2\/comments?post=305"}],"version-history":[{"count":17,"href":"https:\/\/uebersetzer-polnisch.com\/pl\/wp-json\/wp\/v2\/pages\/305\/revisions"}],"predecessor-version":[{"id":623,"href":"https:\/\/uebersetzer-polnisch.com\/pl\/wp-json\/wp\/v2\/pages\/305\/revisions\/623"}],"wp:attachment":[{"href":"https:\/\/uebersetzer-polnisch.com\/pl\/wp-json\/wp\/v2\/media?parent=305"}],"curies":[{"name":"wp","href":"https:\/\/api.w.org\/{rel}","templated":true}]}}