{"id":309,"date":"2025-01-10T12:59:57","date_gmt":"2025-01-10T12:59:57","guid":{"rendered":"https:\/\/uebersetzer-polnisch.com\/ceny\/"},"modified":"2025-07-30T15:40:50","modified_gmt":"2025-07-30T15:40:50","slug":"ceny","status":"publish","type":"page","link":"https:\/\/uebersetzer-polnisch.com\/pl\/ceny\/","title":{"rendered":"Ceny"},"content":{"rendered":"<section class=\"l-section wpb_row height_medium color_primary with_shape\"><div class=\"l-section-shape type_triangle pos_bottom\" style=\"height:35vmin;\"><svg xmlns=\"http:\/\/www.w3.org\/2000\/svg\" viewBox=\"0 0 64 8\" preserveAspectRatio=\"none\" width=\"100%\" height=\"100%\">\r\n\t<path fill=\"currentColor\" d=\"M64 8 L0 8 L0 0 L32 7.9 L64 0 Z\"\/>\r\n<\/svg><\/div><div class=\"l-section-h i-cf\"><div class=\"g-cols vc_row via_grid cols_1 laptops-cols_inherit tablets-cols_inherit mobiles-cols_1 valign_top type_default stacking_default\"><div class=\"wpb_column vc_column_container\"><div class=\"vc_column-inner\"><div class=\"w-text us_custom_83c49c9d\"><span class=\"w-text-h\"><span class=\"w-text-value\">&quot;Kto zna cen\u0119, ten zna warto\u015b\u0107 \u2013 a u nas jedno idzie w parze z drugim&quot;<\/span><\/span><\/div><div class=\"w-separator size_small\"><\/div><h1 class=\"w-text us_custom_eb849559\"><span class=\"w-text-h\"><span class=\"w-text-value\">Cennik<\/span><\/span><\/h1><div class=\"w-separator size_small\"><\/div><\/div><\/div><\/div><\/div><\/section><section class=\"l-section wpb_row height_medium\"><div class=\"l-section-h i-cf\"><div class=\"g-cols vc_row via_grid cols_1 laptops-cols_inherit tablets-cols_inherit mobiles-cols_1 valign_top type_default stacking_default\"><div class=\"wpb_column vc_column_container\"><div class=\"vc_column-inner\"><h2 class=\"w-text us_custom_a3d5695e\"><span class=\"w-text-h\"><span class=\"w-text-value\">Us\u0142ugi t\u0142umaczeniowe dla klient\u00f3w prywatnych i biznesowych<\/span><\/span><\/h2><div class=\"wpb_text_column\"><div class=\"wpb_wrapper\"><p>Cena za t\u0142umaczenie jest obliczana na podstawie wierszy normowanych. Jeden wiersz normowany wed\u0142ug normy DIN zawiera 55 znak\u00f3w (\u0142\u0105cznie ze spacjami).<br \/>\nCena za wiersz zale\u017cy od stopnia trudno\u015bci tekstu:<\/p>\n<p><strong>tekst og\u00f3lny:<\/strong> 1,55 \u2013 1,75 EUR<br \/>\n<strong>tekst specjalistyczny<\/strong>: 1,80 \u2013 2,50 EUR<\/p>\n<p><strong>Po\u015bwiadczenie t\u0142umaczenia<\/strong><br \/>\nZa po\u015bwiadczenie t\u0142umaczenia pobierana jest op\u0142ata w wysoko\u015bci 15,00 EUR za dokument.<\/p>\n<p><strong>Us\u0142uga ekspresowa<\/strong><br \/>\nUs\u0142uga ca\u0142odobowa: dop\u0142ata 50 %<\/p>\n<p><em><br \/>\nW przypadku t\u0142umacze\u0144 dla s\u0105d\u00f3w i organ\u00f3w administracyjnych obowi\u0105zuj\u0105 przepisy ustawy o wynagrodzeniu i zwrocie koszt\u00f3w w wymiarze sprawiedliwo\u015bci (JVEG). <\/em><em>Wszystkie ceny s\u0105 cenami netto zgodnie z \u00a719 (1) UStG (rozporz\u0105dzenie dotycz\u0105ce ma\u0142ych przedsi\u0119biorstw), a zatem s\u0105 zwolnione z podatku VAT.<\/em><\/p>\n<\/div><\/div><\/div><\/div><\/div><\/div><\/section><section class=\"l-section wpb_row us_custom_f598e6e3 has_text_color height_medium\"><div class=\"l-section-h i-cf\"><div class=\"g-cols vc_row via_grid cols_1 laptops-cols_inherit tablets-cols_inherit mobiles-cols_1 valign_top type_default stacking_default\"><div class=\"wpb_column vc_column_container\"><div class=\"vc_column-inner\"><h3 class=\"w-text us_custom_c314e366\"><span class=\"w-text-h\"><span class=\"w-text-value\">Nieskomplikowany przebieg realizacji t\u0142umacze\u0144 pisemnych<\/span><\/span><\/h3><div class=\"w-separator size_small\"><\/div><div class=\"g-cols wpb_row via_grid cols_2 laptops-cols_inherit tablets-cols_1 mobiles-cols_1 valign_top type_default stacking_default\" style=\"--columns-gap:2.5rem;\"><div class=\"wpb_column vc_column_container us_custom_6f96f96d\"><div class=\"vc_column-inner\"><div class=\"w-hwrapper valign_baseline align_none\" style=\"--hwrapper-gap:1.5rem\"><div class=\"w-text us_custom_bf3b962c has_text_color\"><span class=\"w-text-h\"><span class=\"w-text-value\">01<\/span><\/span><\/div><h4 class=\"w-text\"><span class=\"w-text-h\"><span class=\"w-text-value\">Wy\u015blij tekst<\/span><\/span><\/h4><\/div><div class=\"w-separator size_small\"><\/div><div class=\"wpb_text_column\"><div class=\"wpb_wrapper\"><p>Prosz\u0119 o przes\u0142anie dokumentu do przet\u0142umaczenia poczt\u0105 elektroniczn\u0105.<\/p>\n<\/div><\/div><\/div><\/div><div class=\"wpb_column vc_column_container us_custom_6f96f96d\"><div class=\"vc_column-inner\"><div class=\"w-hwrapper valign_baseline align_none\" style=\"--hwrapper-gap:1.5rem\"><div class=\"w-text us_custom_bf3b962c has_text_color\"><span class=\"w-text-h\"><span class=\"w-text-value\">02<\/span><\/span><\/div><h4 class=\"w-text\"><span class=\"w-text-h\"><span class=\"w-text-value\">Wycena<\/span><\/span><\/h4><\/div><div class=\"w-separator size_small\"><\/div><div class=\"wpb_text_column\"><div class=\"wpb_wrapper\"><div>\n<p><span>Otrzymaj\u0105 Pa\u0144stwo kosztorys, kt\u00f3ry nale\u017cy potwierdzi\u0107 drog\u0105 mailow\u0105.<\/span><\/p>\n<\/div>\n<div><\/div>\n<\/div><\/div><\/div><\/div><div class=\"wpb_column vc_column_container us_custom_6f96f96d\"><div class=\"vc_column-inner\"><div class=\"w-hwrapper valign_baseline align_none\" style=\"--hwrapper-gap:1.5rem\"><div class=\"w-text us_custom_bf3b962c has_text_color\"><span class=\"w-text-h\"><span class=\"w-text-value\">03<\/span><\/span><\/div><h4 class=\"w-text\"><span class=\"w-text-h\"><span class=\"w-text-value\">P\u0142atno\u015b\u0107<\/span><\/span><\/h4><\/div><div class=\"w-separator size_small\"><\/div><div class=\"wpb_text_column\"><div class=\"wpb_wrapper\"><p><span>P\u0142atno\u015b\u0107 odbywa si\u0119 w wygodny spos\u00f3b przelewem bankowym.<\/span><\/p>\n<\/div><\/div><\/div><\/div><div class=\"wpb_column vc_column_container us_custom_6f96f96d\"><div class=\"vc_column-inner\"><div class=\"w-hwrapper valign_baseline align_none\" style=\"--hwrapper-gap:1.5rem\"><div class=\"w-text us_custom_bf3b962c has_text_color\"><span class=\"w-text-h\"><span class=\"w-text-value\">04<\/span><\/span><\/div><h4 class=\"w-text\"><span class=\"w-text-h\"><span class=\"w-text-value\">Potwierdzenie zlecenia<\/span><\/span><\/h4><\/div><div class=\"w-separator size_small\"><\/div><div class=\"wpb_text_column\"><div class=\"wpb_wrapper\"><p><span>Po zaksi\u0119gowaniu p\u0142atno\u015bci otrzymaj\u0105 Pa\u0144stwo potwierdzenie zlecenia wraz z terminem realizacji.<\/span><\/p>\n<\/div><\/div><\/div><\/div><div class=\"wpb_column vc_column_container us_custom_6f96f96d\"><div class=\"vc_column-inner\"><div class=\"w-hwrapper valign_baseline align_none\" style=\"--hwrapper-gap:1.5rem\"><div class=\"w-text us_custom_bf3b962c has_text_color\"><span class=\"w-text-h\"><span class=\"w-text-value\">05<\/span><\/span><\/div><h4 class=\"w-text\"><span class=\"w-text-h\"><span class=\"w-text-value\">Dostarczenie t\u0142umaczenia<\/span><\/span><\/h4><\/div><div class=\"w-separator size_small\"><\/div><div class=\"wpb_text_column\"><div class=\"wpb_wrapper\"><p><span>T\u0142umaczenie zostanie dostarczone terminowo e-mailem. Na \u017cyczenie t\u0142umaczenia po\u015bwiadczone wysy\u0142ane s\u0105 r\u00f3wnie\u017c poczt\u0105.<\/span><\/p>\n<\/div><\/div><\/div><\/div><div class=\"wpb_column vc_column_container us_custom_6f96f96d\"><div class=\"vc_column-inner\"><div class=\"w-hwrapper valign_baseline align_none\" style=\"--hwrapper-gap:1.5rem\"><\/div><div class=\"w-separator size_small\"><\/div><\/div><\/div><\/div><\/div><\/div><\/div><\/div><\/section><section class=\"l-section wpb_row us_custom_cf3d7369 height_small\"><div class=\"l-section-h i-cf\"><div class=\"g-cols vc_row via_grid cols_1 laptops-cols_inherit tablets-cols_inherit mobiles-cols_1 valign_top type_default stacking_default\"><div class=\"wpb_column vc_column_container\"><div class=\"vc_column-inner\"><div class=\"w-separator size_small\"><\/div><h2 class=\"w-text us_custom_a3d5695e\"><span class=\"w-text-h\"><span class=\"w-text-value\">Us\u0142ugi t\u0142umacze\u0144 ustnych dla klient\u00f3w prywatnych i biznesowych<\/span><\/span><\/h2><div class=\"wpb_text_column\"><div class=\"wpb_wrapper\"><p>Us\u0142ugi t\u0142umaczenia ustnego rozliczane s\u0105 wed\u0142ug stawki godzinowej.<\/p>\n<p>Opr\u00f3cz samego czasu t\u0142umaczenia nale\u017cy r\u00f3wnie\u017c op\u0142aci\u0107 czas dojazdu i oczekiwania, a tak\u017ce koszty przejazdu.<\/p>\n<p>Ceny zale\u017c\u0105 od stopnia trudno\u015bci, dziedziny specjalistycznej oraz rodzaju wydarzenia.<\/p>\n<p>Przygotowanie do zlecenia t\u0142umaczeniowego jest wliczone w honorarium, natomiast ewentualne koszty podr\u00f3\u017cy, noclegu i wy\u017cywienia ponosi zleceniodawca.<\/p>\n<p>Rozliczenie nast\u0119puje na podstawie pisemnej umowy.<\/p>\n<p><em>W przypadku us\u0142ug t\u0142umaczeniowych w obszarze s\u0105dowo-urz\u0119dowym obowi\u0105zuj\u0105 przepisy ustawy o wynagrodzeniu i odszkodowaniach dla bieg\u0142ych i t\u0142umaczy (JVEG). <\/em><em>Wszystkie ceny s\u0105 cenami netto zgodnie z \u00a719 ust. 1 UStG (regulacja dla drobnych przedsi\u0119biorc\u00f3w), dlatego s\u0105 zwolnione z podatku VAT.<\/em><\/p>\n<\/div><\/div><\/div><\/div><\/div><\/div><\/section><section class=\"l-section wpb_row us_custom_cf3d7369 height_small\"><div class=\"l-section-h i-cf\"><div class=\"g-cols vc_row via_grid cols_1 laptops-cols_inherit tablets-cols_inherit mobiles-cols_1 valign_top type_default stacking_default\"><div class=\"wpb_column vc_column_container\"><div class=\"vc_column-inner\"><div class=\"w-separator size_small\"><\/div><h2 class=\"w-text us_custom_a3d5695e\"><span class=\"w-text-h\"><span class=\"w-text-value\">Dalsze projekty j\u0119zykowe<\/span><\/span><\/h2><div class=\"wpb_text_column\"><div class=\"wpb_wrapper\"><p>Ceny ustalane s\u0105 indywidualnie.<\/p>\n<\/div><\/div><\/div><\/div><\/div><\/div><\/section><section class=\"l-section wpb_row height_medium\"><div class=\"l-section-h i-cf\"><div class=\"g-cols vc_row via_grid cols_1 laptops-cols_inherit tablets-cols_inherit mobiles-cols_1 valign_middle type_default stacking_default\"><div class=\"wpb_column vc_column_container us_custom_2c45f91b\"><div class=\"vc_column-inner\"><h3 class=\"w-text us_custom_2d664e7e has_text_color\"><span class=\"w-text-h\"><span class=\"w-text-value\">OTRZYMAJ SWOJ\u0104 INDYWIDUALN\u0104 OFERT\u0118<\/span><\/span><\/h3><div class=\"w-separator size_medium\"><\/div><div class=\"w-btn-wrapper align_center\"><a class=\"w-btn us-btn-style_1 us_custom_b4198c51 icon_atleft\" href=\"https:\/\/uebersetzer-polnisch.com\/pl\/skontaktuj-sie-z-nami\/\"><i class=\"fas fa-phone\"><\/i><span class=\"w-btn-label\">Kontakt<\/span><\/a><\/div><div class=\"w-separator size_medium\"><\/div><\/div><\/div><\/div><\/div><\/section>\n","protected":false},"excerpt":{"rendered":"&quot;Kto zna cen\u0119, ten zna warto\u015b\u0107 \u2013 a u nas jedno idzie w parze z drugim&quot;CennikUs\u0142ugi t\u0142umaczeniowe dla klient\u00f3w prywatnych i biznesowychCena za t\u0142umaczenie jest obliczana na podstawie wierszy normowanych. Jeden wiersz normowany wed\u0142ug normy DIN zawiera 55 znak\u00f3w (\u0142\u0105cznie ze spacjami). Cena za wiersz zale\u017cy od stopnia trudno\u015bci tekstu: tekst og\u00f3lny: 1,55 \u2013 1,75...","protected":false},"author":2,"featured_media":0,"parent":0,"menu_order":0,"comment_status":"closed","ping_status":"closed","template":"","meta":{"footnotes":""},"class_list":["post-309","page","type-page","status-publish","hentry"],"_links":{"self":[{"href":"https:\/\/uebersetzer-polnisch.com\/pl\/wp-json\/wp\/v2\/pages\/309","targetHints":{"allow":["GET"]}}],"collection":[{"href":"https:\/\/uebersetzer-polnisch.com\/pl\/wp-json\/wp\/v2\/pages"}],"about":[{"href":"https:\/\/uebersetzer-polnisch.com\/pl\/wp-json\/wp\/v2\/types\/page"}],"author":[{"embeddable":true,"href":"https:\/\/uebersetzer-polnisch.com\/pl\/wp-json\/wp\/v2\/users\/2"}],"replies":[{"embeddable":true,"href":"https:\/\/uebersetzer-polnisch.com\/pl\/wp-json\/wp\/v2\/comments?post=309"}],"version-history":[{"count":11,"href":"https:\/\/uebersetzer-polnisch.com\/pl\/wp-json\/wp\/v2\/pages\/309\/revisions"}],"predecessor-version":[{"id":659,"href":"https:\/\/uebersetzer-polnisch.com\/pl\/wp-json\/wp\/v2\/pages\/309\/revisions\/659"}],"wp:attachment":[{"href":"https:\/\/uebersetzer-polnisch.com\/pl\/wp-json\/wp\/v2\/media?parent=309"}],"curies":[{"name":"wp","href":"https:\/\/api.w.org\/{rel}","templated":true}]}}