{"id":312,"date":"2025-01-10T13:01:36","date_gmt":"2025-01-10T13:01:36","guid":{"rendered":"https:\/\/uebersetzer-polnisch.com\/nadruk\/"},"modified":"2025-07-11T21:04:28","modified_gmt":"2025-07-11T21:04:28","slug":"nadruk","status":"publish","type":"page","link":"https:\/\/uebersetzer-polnisch.com\/pl\/nadruk\/","title":{"rendered":"Impressum"},"content":{"rendered":"<section class=\"l-section wpb_row us_custom_cf3d7369 height_medium\"><div class=\"l-section-h i-cf\"><div class=\"g-cols vc_row via_grid cols_1 laptops-cols_inherit tablets-cols_inherit mobiles-cols_1 valign_top type_default stacking_default\"><div class=\"wpb_column vc_column_container\"><div class=\"vc_column-inner\"><div class=\"wpb_text_column\"><div class=\"wpb_wrapper\"><h1>Impressum<\/h1>\n<p>Ma\u0142gorzata Kaden<br \/>\nPublicznie mianowany i zaprzysi\u0119\u017cony t\u0142umacz pisemny i t\u0142umacz ustny j\u0119zyka niemieckiego<br \/>\nDr.- Richard-Beck-Str. 8<br \/>\n09599 Freiberg<\/p>\n<h2>Kontakt<\/h2>\n<p>Telefon: +49 157 50806560<br \/>\nE-mail: info@uebersetzer-polnisch.com<\/p>\n<h2>Organ nadzorczy<\/h2>\n<p>Wy\u017cszy S\u0105d Krajowy Drezno \/ Rostock<br \/>\nPlac Zamkowy 1<br \/>\n01067 Drezno<\/p>\n<p><a href=\"https:\/\/www.justiz.sachsen.de\/olg\/das-oberlandesgericht4098.html\" target=\"_blank\" rel=\"noopener noreferrer\">https:\/\/www.justiz.sachsen.de\/olg\/das-oberlandesgericht4098.html<\/a><\/p>\n<h2>Rozstrzyganie spor\u00f3w w UE<\/h2>\n<p>Komisja Europejska zapewnia platform\u0119 internetowego rozstrzygania spor\u00f3w (OS): <a href=\"https:\/\/ec.europa.eu\/consumers\/odr\/\" target=\"_blank\" rel=\"noopener noreferrer\">https:\/\/ec.europa.eu\/consumers\/odr\/.<\/a><br \/>\nNasz adres e-mail mo\u017cna znale\u017a\u0107 w powy\u017cszej nocie prawnej.<\/p>\n<h2>Rozstrzyganie spor\u00f3w konsumenckich\/uniwersalne centrum arbitra\u017cowe<\/h2>\n<p>Nie jeste\u015bmy sk\u0142onni ani zobowi\u0105zani do udzia\u0142u w post\u0119powaniu rozstrzygaj\u0105cym spory przed komisj\u0105 arbitra\u017cow\u0105 ds. konsument\u00f3w.<\/p>\n<\/div><\/div><\/div><\/div><\/div><\/div><\/section>\n","protected":false},"excerpt":{"rendered":"Impressum Ma\u0142gorzata Kaden Publicznie mianowany i zaprzysi\u0119\u017cony t\u0142umacz pisemny i t\u0142umacz ustny j\u0119zyka niemieckiego Dr.- Richard-Beck-Str. 8 09599 Freiberg Kontakt Telefon: +49 157 50806560 E-mail: info@uebersetzer-polnisch.com Organ nadzorczy Wy\u017cszy S\u0105d Krajowy Drezno \/ Rostock Plac Zamkowy 1 01067 Drezno https:\/\/www.justiz.sachsen.de\/olg\/das-oberlandesgericht4098.html Rozstrzyganie spor\u00f3w w UE Komisja Europejska zapewnia platform\u0119 internetowego rozstrzygania spor\u00f3w (OS): https:\/\/ec.europa.eu\/consumers\/odr\/. Nasz adres...","protected":false},"author":2,"featured_media":0,"parent":0,"menu_order":0,"comment_status":"closed","ping_status":"closed","template":"","meta":{"footnotes":""},"class_list":["post-312","page","type-page","status-publish","hentry"],"_links":{"self":[{"href":"https:\/\/uebersetzer-polnisch.com\/pl\/wp-json\/wp\/v2\/pages\/312","targetHints":{"allow":["GET"]}}],"collection":[{"href":"https:\/\/uebersetzer-polnisch.com\/pl\/wp-json\/wp\/v2\/pages"}],"about":[{"href":"https:\/\/uebersetzer-polnisch.com\/pl\/wp-json\/wp\/v2\/types\/page"}],"author":[{"embeddable":true,"href":"https:\/\/uebersetzer-polnisch.com\/pl\/wp-json\/wp\/v2\/users\/2"}],"replies":[{"embeddable":true,"href":"https:\/\/uebersetzer-polnisch.com\/pl\/wp-json\/wp\/v2\/comments?post=312"}],"version-history":[{"count":15,"href":"https:\/\/uebersetzer-polnisch.com\/pl\/wp-json\/wp\/v2\/pages\/312\/revisions"}],"predecessor-version":[{"id":512,"href":"https:\/\/uebersetzer-polnisch.com\/pl\/wp-json\/wp\/v2\/pages\/312\/revisions\/512"}],"wp:attachment":[{"href":"https:\/\/uebersetzer-polnisch.com\/pl\/wp-json\/wp\/v2\/media?parent=312"}],"curies":[{"name":"wp","href":"https:\/\/api.w.org\/{rel}","templated":true}]}}