{"id":318,"date":"2025-01-09T12:50:00","date_gmt":"2025-01-09T12:50:00","guid":{"rendered":"https:\/\/uebersetzer-polnisch.com\/tlumacz-ustny\/"},"modified":"2025-07-30T15:57:11","modified_gmt":"2025-07-30T15:57:11","slug":"tlumacz-ustny","status":"publish","type":"page","link":"https:\/\/uebersetzer-polnisch.com\/pl\/","title":{"rendered":"T\u0142umacz ustny niemiecki polski"},"content":{"rendered":"<section class=\"l-section wpb_row height_huge color_secondary with_img parallax_ver\"><div class=\"l-section-img\" role=\"img\" aria-label=\"Paper Pen Writing\" data-img-width=\"1920\" data-img-height=\"1280\" style=\"background-image: url(https:\/\/uebersetzer-polnisch.com\/wp-content\/uploads\/2025\/01\/closeup-image.jpg);\"><\/div><div class=\"l-section-overlay\" style=\"background:linear-gradient(90deg,#000,rgba(0,0,0,0.00))\"><\/div><div class=\"l-section-h i-cf\"><div class=\"g-cols vc_row via_grid cols_1 laptops-cols_inherit tablets-cols_1 mobiles-cols_1 valign_top type_default reversed stacking_default\" style=\"--columns-gap:0rem;\"><div class=\"wpb_column vc_column_container us_custom_fd43344c\"><div class=\"vc_column-inner\"><div class=\"w-text us_custom_c2f880d3 has_text_color\"><span class=\"w-text-h\"><span class=\"w-text-value\">publicznie ustanowiony i zaprzysi\u0119\u017cony t\u0142umacz pisemny i ustny j\u0119zyka polskiego<\/span><\/span><\/div><h1 class=\"w-text us_custom_842faaf7\"><span class=\"w-text-h\"><span class=\"w-text-value\">Ma\u0142gorzata<br \/>\nKaden<\/span><\/span><\/h1><div class=\"w-separator size_small\"><\/div><div class=\"w-hwrapper valign_middle wrap align_none\" style=\"--hwrapper-gap:3rem\"><div class=\"w-btn-wrapper align_none\"><a class=\"w-btn us-btn-style_1 us_custom_0207f80c\" href=\"https:\/\/uebersetzer-polnisch.com\/pl\/skontaktuj-sie-z-nami\/\"><span class=\"w-btn-label\">Kontakt<\/span><\/a><\/div><div class=\"wpb_text_column us_custom_29eda462\"><div class=\"wpb_wrapper\"><div><b><span>Mgr j\u0119zyk, kultura, t\u0142umaczenia<\/span><\/b><\/div>\n<\/div><\/div><\/div><\/div><\/div><\/div><\/div><\/section><section class=\"l-section wpb_row height_medium\"><div class=\"l-section-h i-cf\"><div class=\"g-cols vc_row via_grid cols_2 laptops-cols_inherit tablets-cols_inherit mobiles-cols_1 valign_middle type_default stacking_default\" style=\"--columns-gap:4vw;\"><div class=\"wpb_column vc_column_container\"><div class=\"vc_column-inner\"><div class=\"w-image us_custom_3bc1f25b style_shadow-2 has_ratio align_none\"><div class=\"w-image-h\"><div style=\"padding-bottom:100%\"><\/div><div class=\"w-image-shadow\" style=\"background-image:url(https:\/\/uebersetzer-polnisch.com\/wp-content\/uploads\/2025\/01\/Uebersetzering-Malgorzata-Kaden2-1024x683.jpg);\"><\/div><img decoding=\"async\" width=\"1024\" height=\"683\" src=\"https:\/\/uebersetzer-polnisch.com\/wp-content\/uploads\/2025\/01\/Uebersetzering-Malgorzata-Kaden2-1024x683.jpg\" class=\"attachment-large size-large\" alt=\"MA\u0141GORZATA KADEN T\u0142umaczenia ustne \/ pisemne niemiecki polski\" loading=\"lazy\" title=\"\"><\/div><\/div><\/div><\/div><div class=\"wpb_column vc_column_container\"><div class=\"vc_column-inner\"><div class=\"wpb_text_column us_custom_d98eb4eb\"><div class=\"wpb_wrapper\"><h2>O mnie<\/h2>\n<p style=\"font-weight: 400;\"><span>Nazywam si\u0119 Ma\u0142gorzata Kaden i<\/span> jestem publicznie ustanowionym oraz og\u00f3lnie zaprzysi\u0119\u017conym t\u0142umaczem j\u0119zyka niemieckiego i polskiego.<\/p>\n<p style=\"font-weight: 400;\"><span>Urodzi\u0142am si\u0119 w Polsce i obecnie mieszkam we Freibergu (Saksonia). Dzi\u0119ki temu posiadam nie tylko doskona\u0142e kompetencje j\u0119zykowe, ale r\u00f3wnie\u017c g\u0142\u0119bokie zrozumienie kultury oraz tradycji obu kraj\u00f3w.<\/span><\/p>\n<\/div><\/div><div class=\"w-separator size_medium\"><\/div><div class=\"w-btn-wrapper align_left\"><a class=\"w-btn us-btn-style_1\" href=\"https:\/\/uebersetzer-polnisch.com\/pl\/o-mnie\/\"><span class=\"w-btn-label\">Dowiedz si\u0119 o mnie wi\u0119cej<\/span><\/a><\/div><\/div><\/div><\/div><\/div><\/section><section class=\"l-section wpb_row height_medium\" id=\"section-01\"><div class=\"l-section-h i-cf\"><div class=\"g-cols vc_row via_grid cols_1 laptops-cols_inherit tablets-cols_inherit mobiles-cols_1 valign_top type_default stacking_default\"><div class=\"wpb_column vc_column_container\"><div class=\"vc_column-inner\"><div class=\"g-cols wpb_row via_grid cols_2 laptops-cols_inherit tablets-cols_inherit mobiles-cols_1 valign_top type_default\" style=\"--columns-gap:6vh;\"><div class=\"wpb_column vc_column_container\"><div class=\"vc_column-inner\"><div class=\"w-iconbox iconpos_left style_default color_primary align_none\"><div class=\"w-iconbox-icon\" style=\"font-size:3rem;\"><i class=\"fas fa-user-edit\"><\/i><\/div><div class=\"w-iconbox-meta\"><h4 class=\"w-iconbox-title\">T\u0142umaczenia ustne rozm\u00f3w<\/h4><div class=\"w-iconbox-text\"><div><span>Dla firm, urz\u0119d\u00f3w i os\u00f3b prywatnych podczas spotka\u0144 i negocjacji<\/span><\/div>\n<\/div><\/div><\/div><\/div><\/div><div class=\"wpb_column vc_column_container\"><div class=\"vc_column-inner\"><div class=\"w-iconbox iconpos_left style_default color_primary align_none\"><div class=\"w-iconbox-icon\" style=\"font-size:3rem;\"><i class=\"fas fa-university\"><\/i><\/div><div class=\"w-iconbox-meta\"><h4 class=\"w-iconbox-title\">T\u0142umaczenia konsekutywne<\/h4><div class=\"w-iconbox-text\"><p>Podczas przem\u00f3wie\u0144, prezentacji i oficjalnych spotka\u0144, np. w urz\u0119dach lub s\u0105dach<\/p>\n<\/div><\/div><\/div><\/div><\/div><div class=\"wpb_column vc_column_container\"><div class=\"vc_column-inner\"><div class=\"w-iconbox iconpos_left style_default color_primary align_none\"><div class=\"w-iconbox-icon\" style=\"font-size:3rem;\"><i class=\"material-icons\">people<\/i><\/div><div class=\"w-iconbox-meta\"><h4 class=\"w-iconbox-title\">T\u0142umaczenia szeptane<\/h4><div class=\"w-iconbox-text\"><p>Ciche t\u0142umaczenie symultaniczne w ma\u0142ych grupach lub podczas wydarze\u0144<\/p>\n<\/div><\/div><\/div><\/div><\/div><div class=\"wpb_column vc_column_container\"><div class=\"vc_column-inner\"><div class=\"w-iconbox iconpos_left style_default color_primary align_none\"><div class=\"w-iconbox-icon\" style=\"font-size:3rem;\"><i class=\"material-icons\">book<\/i><\/div><div class=\"w-iconbox-meta\"><h4 class=\"w-iconbox-title\">T\u0142umaczenia specjalistyczne<\/h4><div class=\"w-iconbox-text\"><p>Umowy, teksty techniczne i prawne<\/p>\n<\/div><\/div><\/div><\/div><\/div><div class=\"wpb_column vc_column_container\"><div class=\"vc_column-inner\"><div class=\"w-iconbox iconpos_left style_default color_primary align_none\"><div class=\"w-iconbox-icon\" style=\"font-size:3rem;\"><i class=\"material-icons\">balance<\/i><\/div><div class=\"w-iconbox-meta\"><h4 class=\"w-iconbox-title\">T\u0142umaczenia przysi\u0119g\u0142e<\/h4><div class=\"w-iconbox-text\"><p>Dokumenty urz\u0119dowe<\/p>\n<\/div><\/div><\/div><\/div><\/div><div class=\"wpb_column vc_column_container\"><div class=\"vc_column-inner\"><div class=\"w-iconbox iconpos_left style_default color_primary align_none\"><div class=\"w-iconbox-icon\" style=\"font-size:3rem;\"><i class=\"fas fa-envelope\"><\/i><\/div><div class=\"w-iconbox-meta\"><h4 class=\"w-iconbox-title\">T\u0142umaczenia zwyk\u0142e<\/h4><div class=\"w-iconbox-text\"><p>Listy, strony internetowe, teksty reklamowe i inne<\/p>\n<\/div><\/div><\/div><\/div><\/div><div class=\"wpb_column vc_column_container\"><div class=\"vc_column-inner\"><div class=\"w-iconbox iconpos_left style_default color_primary align_none\"><div class=\"w-iconbox-icon\" style=\"font-size:3rem;\"><i class=\"fas fa-school\"><\/i><\/div><div class=\"w-iconbox-meta\"><h4 class=\"w-iconbox-title\">Kursy j\u0119zykowe<\/h4><div class=\"w-iconbox-text\"><p>Indywidualne szkolenia j\u0119zykowe dla firm i os\u00f3b prywatnych<\/p>\n<\/div><\/div><\/div><\/div><\/div><div class=\"wpb_column vc_column_container\"><div class=\"vc_column-inner\"><div class=\"w-iconbox iconpos_left style_default color_primary align_none\"><div class=\"w-iconbox-icon\" style=\"font-size:3rem;\"><i class=\"fas fa-graduation-cap\"><\/i><\/div><div class=\"w-iconbox-meta\"><h4 class=\"w-iconbox-title\">Redakcja i korekta j\u0119zykowa<\/h4><div class=\"w-iconbox-text\"><p>Optymalizacja tekstu pod k\u0105tem przejrzysto\u015bci i stylu<\/p>\n<\/div><\/div><\/div><\/div><\/div><\/div><div class=\"w-separator size_medium\"><\/div><div class=\"w-btn-wrapper align_center\"><a class=\"w-btn us-btn-style_1\" href=\"https:\/\/uebersetzer-polnisch.com\/pl\/uslugi\/\"><span class=\"w-btn-label\">Dowiedz si\u0119 wi\u0119cej o moich us\u0142ugach<\/span><\/a><\/div><\/div><\/div><\/div><\/div><\/section><section class=\"l-section wpb_row height_medium\"><div class=\"l-section-h i-cf\"><div class=\"g-cols vc_row via_grid cols_1 laptops-cols_inherit tablets-cols_inherit mobiles-cols_1 valign_top type_default stacking_default\"><div class=\"wpb_column vc_column_container\"><div class=\"vc_column-inner\"><div class=\"wpb_text_column\"><div class=\"wpb_wrapper\"><h2 style=\"text-align: center;\">T\u0142umacz\u0119<\/h2>\n<\/div><\/div><div class=\"w-separator size_small\"><\/div><div class=\"w-text us_custom_87915124 has_text_color\"><span class=\"w-text-h\"><span class=\"w-text-value\">dla policji, s\u0105d\u00f3w, zak\u0142ad\u00f3w karnych, podczas wizyt u adwokat\u00f3w i notariuszy, w urz\u0119dach i instytucjach, na targach, podczas negocjacji biznesowych, seminari\u00f3w, szkole\u0144 oraz podczas prywatnych wydarze\u0144, np. u lekarza lub w urz\u0119dzie stanu cywilnego.<\/span><\/span><\/div><div class=\"w-separator size_medium\"><\/div><\/div><\/div><\/div><\/div><\/section><section class=\"l-section wpb_row us_custom_c70c97eb height_medium\"><div class=\"l-section-h i-cf\"><div class=\"g-cols vc_row via_grid cols_1 laptops-cols_inherit tablets-cols_inherit mobiles-cols_1 valign_middle type_default stacking_default\"><div class=\"wpb_column vc_column_container us_custom_2c45f91b\"><div class=\"vc_column-inner\"><div class=\"wpb_text_column us_custom_eb849559\"><div class=\"wpb_wrapper\"><h2>Potrzebujesz t\u0142umacza?<br \/>\n<strong><span style=\"color: var(--color-content-link);\">ZAPRASZAM DO KONTAKTU<br \/>\nw j\u0119zyku polskim lub niemieckim<\/span><\/strong><\/h2>\n<\/div><\/div><div class=\"w-separator size_small\"><\/div><div class=\"w-btn-wrapper align_center\"><a class=\"w-btn us-btn-style_1\" href=\"https:\/\/uebersetzer-polnisch.com\/pl\/skontaktuj-sie-z-nami\/\"><span class=\"w-btn-label\">Kontakt<\/span><\/a><\/div><div class=\"w-separator size_medium\"><\/div><\/div><\/div><\/div><\/div><\/section><section class=\"l-section wpb_row us_custom_0d8f9897 height_medium width_full\"><div class=\"l-section-h i-cf\"><div class=\"g-cols vc_row via_grid cols_1 laptops-cols_inherit tablets-cols_inherit mobiles-cols_1 valign_top type_default stacking_default\"><div class=\"wpb_column vc_column_container\"><div class=\"vc_column-inner\"><h2 class=\"w-text\"><span class=\"w-text-h\"><span class=\"w-text-value\">Opinie klient\u00f3w<\/span><\/span><\/h2><div class=\"w-separator size_small\"><\/div><div class=\"w-grid us_carousel type_carousel layout_testimonial_8 preload_style_spinner items_3\" id=\"us_grid_1\" style=\"--items:3;--gap:10px;\"><style>.layout_testimonial_8 .w-grid-item-h{}.layout_testimonial_8 .usg_vwrapper_1{color:var(--color-content-text)!important;border-radius:var(--site-border-radius)!important;padding:10%!important;background:var(--color-content-bg-alt)!important}.layout_testimonial_8 .usg_post_custom_field_1{font-size:14px!important}.layout_testimonial_8 .usg_post_custom_field_2{color:var(--color-content-heading)!important;font-size:1.2rem!important;line-height:1.5!important}.layout_testimonial_8 .usg_vwrapper_2{margin-top:auto!important}.layout_testimonial_8 .usg_post_custom_field_3{color:var(--color-content-primary)!important}<\/style><div class=\"w-grid-list owl-carousel valign_stretch dotstyle_circle navstyle_circle arrows-ver-pos_middle arrows-hor-pos_on_sides_outside arrows-disabled_hide owl-responsive-2000\" style=\"--transition-duration:350ms;\">\t<article class=\"w-grid-item post-303 us_testimonial type-us_testimonial status-publish hentry\" data-id=\"303\">\r\n\t\t<div class=\"w-grid-item-h\">\r\n\t\t\t\t\t\t<div class=\"w-vwrapper usg_vwrapper_1 has_text_color align_none valign_top\" style=\"--vwrapper-gap:1.5rem\"><div class=\"w-post-elm post_custom_field usg_post_custom_field_3 has_text_color type_icon us_testimonial_rating color_link_inherit\"><div class=\"w-testimonial-rating\"><i><\/i><i><\/i><i><\/i><i><\/i><i><\/i><\/div><\/div><div class=\"w-post-elm post_content usg_post_content_1\"><p>\u201eJestem bardzo zadowolona z us\u0142ug t\u0142umaczeniowych \u015bwiadczonych przez Pani\u0105 Kaden. Nie tylko wykona\u0142a precyzyjn\u0105 i fachow\u0105 prac\u0119, ale tak\u017ce dostarczy\u0142a j\u0105 szybko i niezawodnie. Bardzo profesjonalna i godna zaufania!\u201d<\/p>\n<\/div><div class=\"w-vwrapper usg_vwrapper_2 align_none valign_top\" style=\"--vwrapper-gap:0rem\"><div class=\"w-post-elm post_custom_field usg_post_custom_field_2 has_text_color type_text us_testimonial_author color_link_inherit\"><span class=\"w-post-elm-value\">Aleksandra Szlufik<\/span><\/div><div class=\"w-post-elm post_custom_field usg_post_custom_field_1 type_text us_testimonial_role color_link_inherit\"><span class=\"w-post-elm-value\"><\/span><\/div><\/div><\/div>\t\t<\/div>\r\n\t\t\t<\/article>\r\n\t<article class=\"w-grid-item post-301 us_testimonial type-us_testimonial status-publish hentry\" data-id=\"301\">\r\n\t\t<div class=\"w-grid-item-h\">\r\n\t\t\t\t\t\t<div class=\"w-vwrapper usg_vwrapper_1 has_text_color align_none valign_top\" style=\"--vwrapper-gap:1.5rem\"><div class=\"w-post-elm post_custom_field usg_post_custom_field_3 has_text_color type_icon us_testimonial_rating color_link_inherit\"><div class=\"w-testimonial-rating\"><i><\/i><i><\/i><i><\/i><i><\/i><i><\/i><\/div><\/div><div class=\"w-post-elm post_content usg_post_content_1\"><p>\u201eDzi\u0119kujemy za wspania\u0142\u0105 i kompetentn\u0105 mediacj\u0119 j\u0119zykow\u0105 podczas polsko-niemieckiego spotkania m\u0142odzie\u017cy w Krzy\u017cowej. Zar\u00f3wno nauczyciele, jak i uczestnicy byli bardzo zadowoleni z Twojej pracy, dzi\u0119ki czemu oba spotkania m\u0142odzie\u017cy by\u0142y bardzo udane!\u201d<\/p>\n<\/div><div class=\"w-vwrapper usg_vwrapper_2 align_none valign_top\" style=\"--vwrapper-gap:0rem\"><div class=\"w-post-elm post_custom_field usg_post_custom_field_2 has_text_color type_text us_testimonial_author color_link_inherit\"><span class=\"w-post-elm-value\">John Dauert, Szko\u0142a Og\u00f3lnokszta\u0142c\u0105ca im. Wilhelma Bracke w Brunszwiku<\/span><\/div><div class=\"w-post-elm post_custom_field usg_post_custom_field_1 type_text us_testimonial_role color_link_inherit\"><span class=\"w-post-elm-value\"><\/span><\/div><\/div><\/div>\t\t<\/div>\r\n\t\t\t<\/article>\r\n\t<article class=\"w-grid-item post-300 us_testimonial type-us_testimonial status-publish hentry\" data-id=\"300\">\r\n\t\t<div class=\"w-grid-item-h\">\r\n\t\t\t\t\t\t<div class=\"w-vwrapper usg_vwrapper_1 has_text_color align_none valign_top\" style=\"--vwrapper-gap:1.5rem\"><div class=\"w-post-elm post_custom_field usg_post_custom_field_3 has_text_color type_icon us_testimonial_rating color_link_inherit\"><div class=\"w-testimonial-rating\"><i><\/i><i><\/i><i><\/i><i><\/i><i><\/i><\/div><\/div><div class=\"w-post-elm post_content usg_post_content_1\"><p>\u201ePani Ma\u0142gorzata Lisowska pracowa\u0142a jako t\u0142umacz j\u0119zyka niemieckiego dla naszej kancelarii prawnej w dniu 10 stycznia 2017 roku. W Zak\u0142adzie Karnym w Waldeck pani Lisowska t\u0142umaczy\u0142a spotkanie z klientem w ramach przygotowa\u0144 do rozprawy, ku pe\u0142nemu zadowoleniu naszego klienta i naszej kancelarii\u201d.<\/p>\n<\/div><div class=\"w-vwrapper usg_vwrapper_2 align_none valign_top\" style=\"--vwrapper-gap:0rem\"><div class=\"w-post-elm post_custom_field usg_post_custom_field_2 has_text_color type_text us_testimonial_author color_link_inherit\"><span class=\"w-post-elm-value\">Gunnar Engel, adwokat<\/span><\/div><div class=\"w-post-elm post_custom_field usg_post_custom_field_1 type_text us_testimonial_role color_link_inherit\"><span class=\"w-post-elm-value\"><\/span><\/div><\/div><\/div>\t\t<\/div>\r\n\t\t\t<\/article>\r\n<\/div><div class=\"w-grid-carousel-json hidden\" onclick='return {&quot;carousel_settings&quot;:{&quot;aria_labels&quot;:{&quot;prev&quot;:&quot;Poprzedni&quot;,&quot;next&quot;:&quot;Nast\\u0119pny&quot;},&quot;autoplayContinual&quot;:false,&quot;autoplayHoverPause&quot;:false,&quot;autoplayTimeout&quot;:3000,&quot;autoWidth&quot;:false,&quot;smartSpeed&quot;:350,&quot;margin&quot;:0,&quot;mouseDrag&quot;:true,&quot;rtl&quot;:false,&quot;slideBy&quot;:&quot;1&quot;,&quot;touchDrag&quot;:true,&quot;slideTransition&quot;:&quot;&quot;,&quot;responsive&quot;:{&quot;0&quot;:{&quot;autoHeight&quot;:false,&quot;autoplay&quot;:true,&quot;autoWidth&quot;:false,&quot;center&quot;:false,&quot;dots&quot;:false,&quot;items&quot;:1,&quot;loop&quot;:true,&quot;nav&quot;:false,&quot;stagePadding&quot;:0,&quot;slideBy&quot;:&quot;1&quot;},&quot;601&quot;:{&quot;autoHeight&quot;:false,&quot;autoplay&quot;:true,&quot;autoWidth&quot;:false,&quot;center&quot;:false,&quot;dots&quot;:false,&quot;items&quot;:2,&quot;loop&quot;:true,&quot;nav&quot;:false,&quot;stagePadding&quot;:0,&quot;slideBy&quot;:&quot;1&quot;},&quot;1025&quot;:{&quot;autoHeight&quot;:false,&quot;autoplay&quot;:false,&quot;autoWidth&quot;:false,&quot;center&quot;:false,&quot;dots&quot;:false,&quot;items&quot;:2,&quot;loop&quot;:true,&quot;nav&quot;:false,&quot;stagePadding&quot;:70,&quot;slideBy&quot;:&quot;1&quot;},&quot;1400&quot;:{&quot;items&quot;:3,&quot;autoplay&quot;:false,&quot;center&quot;:false,&quot;dots&quot;:false,&quot;nav&quot;:false,&quot;autoHeight&quot;:false,&quot;autoWidth&quot;:false,&quot;loop&quot;:false,&quot;stagePadding&quot;:100}}}}'><\/div><\/div><\/div><\/div><\/div><\/div><\/section>\n","protected":false},"excerpt":{"rendered":"\u201ePani Ma\u0142gorzata Lisowska pracowa\u0142a jako t\u0142umacz j\u0119zyka niemieckiego dla naszej kancelarii prawnej w dniu 10 stycznia 2017 roku. W Zak\u0142adzie Karnym w Waldeck pani Lisowska t\u0142umaczy\u0142a spotkanie z klientem w ramach przygotowa\u0144 do rozprawy, ku pe\u0142nemu zadowoleniu naszego klienta i naszej kancelarii\u201d.","protected":false},"author":2,"featured_media":0,"parent":0,"menu_order":0,"comment_status":"closed","ping_status":"closed","template":"","meta":{"footnotes":""},"class_list":["post-318","page","type-page","status-publish","hentry"],"_links":{"self":[{"href":"https:\/\/uebersetzer-polnisch.com\/pl\/wp-json\/wp\/v2\/pages\/318","targetHints":{"allow":["GET"]}}],"collection":[{"href":"https:\/\/uebersetzer-polnisch.com\/pl\/wp-json\/wp\/v2\/pages"}],"about":[{"href":"https:\/\/uebersetzer-polnisch.com\/pl\/wp-json\/wp\/v2\/types\/page"}],"author":[{"embeddable":true,"href":"https:\/\/uebersetzer-polnisch.com\/pl\/wp-json\/wp\/v2\/users\/2"}],"replies":[{"embeddable":true,"href":"https:\/\/uebersetzer-polnisch.com\/pl\/wp-json\/wp\/v2\/comments?post=318"}],"version-history":[{"count":73,"href":"https:\/\/uebersetzer-polnisch.com\/pl\/wp-json\/wp\/v2\/pages\/318\/revisions"}],"predecessor-version":[{"id":683,"href":"https:\/\/uebersetzer-polnisch.com\/pl\/wp-json\/wp\/v2\/pages\/318\/revisions\/683"}],"wp:attachment":[{"href":"https:\/\/uebersetzer-polnisch.com\/pl\/wp-json\/wp\/v2\/media?parent=318"}],"curies":[{"name":"wp","href":"https:\/\/api.w.org\/{rel}","templated":true}]}}